{"id":139,"date":"2026-03-16T18:32:44","date_gmt":"2026-03-16T17:32:44","guid":{"rendered":"https:\/\/biomechanikaruky.cz\/?page_id=139"},"modified":"2026-03-29T13:47:05","modified_gmt":"2026-03-29T11:47:05","slug":"vedecky-tym","status":"publish","type":"page","link":"https:\/\/biomechanikaruky.cz\/en\/vedecky-tym\/","title":{"rendered":"Research team"},"content":{"rendered":"<h2 class=\"wp-block-heading has-text-align-center ext-animate--on\">Our team<\/h2>\n\n\n\n<h4 class=\"wp-block-heading ext-animate--on\"><a href=\"https:\/\/biomechanikaruky.cz\/en\/mudr-vojtech-kunc-ph-d\/\" title=\"MUDr. Vojt\u011bch Kunc, Ph.D.\">MUDr. Vojt\u011bch Kunc, Ph.D.<\/a><\/h4>\n\n\n\n<p class=\"ext-animate--on\"><em>Head of the laboratory<\/em><\/p>\n\n\n\n<p class=\"ext-animate--on\">His research focuses on wrist and hand biomechanics, anatomical variability of the carpus, and innovative arthroscopic approaches to the wrist and elbow.<\/p>\n\n\n\n<p class=\"ext-animate--on\"><strong>Recent scientific publication<\/strong>:<\/p>\n\n\n\n<ul class=\"wp-block-list ext-animate--on\">\n<li class=\"ext-animate--on\"><a href=\"https:\/\/biomechanikaruky.cz\/en\/kunc-vojtech-artroskopie-osteotomie\/\" data-type=\"page\" data-id=\"168\">Distal radius intra-articular malunion corrected with arthroscopy assisted open osteotomy: A case report.<\/a> <\/li>\n\n\n\n<li class=\"ext-animate--on\"><a href=\"https:\/\/biomechanikaruky.cz\/en\/kunc-vojtech-bipartite-trapezium\/\" data-type=\"page\" data-id=\"163\">Bipartite trapezium \u2013 rare congenital accessory bone: A case report of two bilateral cases among related patients and description of new accessory bone \u2013 os scaphocapitatum anterius.<\/a><\/li>\n<\/ul>\n\n\n\n<p class=\"ext-animate--on\"><a href=\"https:\/\/orcid.org\/0000-0002-3165-4977\" title=\"ORCID\">ORCID<\/a> \u00b7 <a href=\"https:\/\/www.researchgate.net\/profile\/Vojtech-Kunc?ev=hdr_xprf\" title=\"Researchgate\">Researchgate<\/a> \u00b7 <a href=\"https:\/\/scholar.google.com.hk\/citations?user=mrBp-38AAAAJ\" title=\"Google Scholar\">Google Scholar<\/a><\/p>\n\n\n\n<div class=\"wp-block-columns ext-animate--on is-layout-flex wp-container-core-columns-is-layout-28f84493 wp-block-columns-is-layout-flex\">\n<div class=\"wp-block-column is-layout-flow wp-block-column-is-layout-flow\">\n<h2 class=\"wp-block-heading ext-animate--on\">Ph.D. candidates and researchers<\/h2>\n\n\n\n<h4 class=\"wp-block-heading ext-animate--on\">MUDr. Michal Bene\u0161<\/h4>\n\n\n\n<p class=\"ext-animate--on\" style=\"padding-top:0;padding-bottom:0\"><em>Doktorand<\/em><\/p>\n\n\n\n<p class=\"ext-animate--on\">His research focuses on the anatomical variability of the distal insertion of the biceps brachii tendon and its clinical relevance.<\/p>\n\n\n\n<p class=\"ext-animate--on\"><strong>Recent scientific publication<\/strong><\/p>\n\n\n\n<ul class=\"wp-block-list ext-animate--on\">\n<li>Bare Area of the Proximal Radius and its Relevance for Safe Repair of the Distal Tendon of the Biceps Brachii Muscle<\/li>\n\n\n\n<li class=\"ext-animate--on\">Compressive and traumatic neuropathies of the deep branch of the radial nerve: a retrospective analysis of surgically treated cases<\/li>\n<\/ul>\n\n\n\n<h4 class=\"wp-block-heading ext-animate--on\">Ing. Vojt\u011bch Jane\u010dek<\/h4>\n\n\n\n<p class=\"ext-animate--on\"><em>Biomechanik<\/em><\/p>\n\n\n\n<p class=\"ext-animate--on\">Methodology of biomechanical studies, development of testing constructs, and AI-assisted data analysis.<\/p>\n\n\n\n<h2 class=\"wp-block-heading ext-animate--on\">Research team<\/h2>\n\n\n\n<h4 class=\"wp-block-heading ext-animate--on\">Viktorie Adamcov\u00e1<\/h4>\n\n\n\n<p class=\"ext-animate--on\">Statistical analysis, data processing, and the methodology of biomechanical studies.<\/p>\n\n\n\n<h4 class=\"wp-block-heading ext-animate--on\">Nikola Horn\u00edkov\u00e1<\/h4>\n\n\n\n<p class=\"ext-animate--on\">Combined injuries of the thumb<\/p>\n\n\n\n<h4 class=\"wp-block-heading ext-animate--on\">MUDr. Judita Kamlerov\u00e1<\/h4>\n\n\n\n<p class=\"ext-animate--on\">Anatomical variability <em>of ulnar nerve <\/em>biomechanika osteosynt\u00e9z v oblasti lokte<br><br><strong>Publications: <\/strong><\/p>\n\n\n\n<ul class=\"wp-block-list ext-animate--on\">\n<li>Clinically relevant variations in the area of the ulnar nerve sulcus and their relationship to surgical approaches to the elbow<\/li>\n<\/ul>\n\n\n\n<h4 class=\"wp-block-heading ext-animate--on\">Matou\u0161 Kroupa<\/h4>\n\n\n\n<p class=\"ext-animate--on\">Anatomical variability of the carpal bones, 3D comparison, and biomechanical analysis of the carpus.<\/p>\n<\/div>\n<\/div>","protected":false},"excerpt":{"rendered":"<p>N\u00e1\u0161 v\u011bdeck\u00fd t\u00fdm MUDr. Vojt\u011bch Kunc, Ph.D. Vedouc\u00ed laborato\u0159e Zam\u011b\u0159uje se na biomechaniku z\u00e1p\u011bst\u00ed a ruky, anatomickou variabilitu karpu a inovativn\u00ed artroskopick\u00e9 p\u0159\u00edstupy v oblasti z\u00e1p\u011bst\u00ed a lokte. Vybran\u00e9 v\u011bdeck\u00e9 pr\u00e1ce: ORCID \u00b7 Researchgate \u00b7 Google Scholar Doktorandi a v\u011bde\u010dt\u00ed pracovn\u00edci MUDr. Michal Bene\u0161 Doktorand Zam\u011b\u0159uje se na anatomickou variabilitu \u00faponov\u00e9 oblasti dist\u00e1ln\u00ed \u0161lachy m. [&hellip;]<\/p>\n","protected":false},"author":1,"featured_media":0,"parent":0,"menu_order":0,"comment_status":"closed","ping_status":"open","template":"","meta":{"om_disable_all_campaigns":false,"_monsterinsights_skip_tracking":false,"_monsterinsights_sitenote_active":false,"_monsterinsights_sitenote_note":"","_monsterinsights_sitenote_category":0,"_uf_show_specific_survey":0,"_uf_disable_surveys":false,"footnotes":""},"class_list":["post-139","page","type-page","status-publish","hentry"],"aioseo_notices":[],"_links":{"self":[{"href":"https:\/\/biomechanikaruky.cz\/en\/wp-json\/wp\/v2\/pages\/139","targetHints":{"allow":["GET"]}}],"collection":[{"href":"https:\/\/biomechanikaruky.cz\/en\/wp-json\/wp\/v2\/pages"}],"about":[{"href":"https:\/\/biomechanikaruky.cz\/en\/wp-json\/wp\/v2\/types\/page"}],"author":[{"embeddable":true,"href":"https:\/\/biomechanikaruky.cz\/en\/wp-json\/wp\/v2\/users\/1"}],"replies":[{"embeddable":true,"href":"https:\/\/biomechanikaruky.cz\/en\/wp-json\/wp\/v2\/comments?post=139"}],"version-history":[{"count":12,"href":"https:\/\/biomechanikaruky.cz\/en\/wp-json\/wp\/v2\/pages\/139\/revisions"}],"predecessor-version":[{"id":261,"href":"https:\/\/biomechanikaruky.cz\/en\/wp-json\/wp\/v2\/pages\/139\/revisions\/261"}],"wp:attachment":[{"href":"https:\/\/biomechanikaruky.cz\/en\/wp-json\/wp\/v2\/media?parent=139"}],"curies":[{"name":"wp","href":"https:\/\/api.w.org\/{rel}","templated":true}]}}