{"id":14,"date":"2026-03-11T20:48:34","date_gmt":"2026-03-11T19:48:34","guid":{"rendered":"https:\/\/biomechanikaruky.cz\/domu\/"},"modified":"2026-04-09T10:02:50","modified_gmt":"2026-04-09T08:02:50","slug":"domu","status":"publish","type":"page","link":"https:\/\/biomechanikaruky.cz\/en\/","title":{"rendered":"Dom\u016f"},"content":{"rendered":"<div class=\"wp-block-group alignwide ext-hero-section is-style-ext-preset--group--natural-1--section has-background-background-color has-background has-global-padding is-layout-constrained wp-container-core-group-is-layout-5dbc334f wp-block-group-is-layout-constrained is-style-ext-preset--group--natural-1--section--1\" style=\"margin-top:0;margin-bottom:0\">\n<div class=\"wp-block-columns alignwide is-layout-flex wp-container-core-columns-is-layout-28f84493 wp-block-columns-is-layout-flex\">\n<div class=\"wp-block-column ext-animate--on is-layout-flow wp-block-column-is-layout-flow\">\n<p class=\"ext-animate--on\"><\/p>\n<\/div>\n<\/div>\n\n\n\n<h2 class=\"wp-block-heading alignfull has-text-align-center ext-animate--on has-x-large-font-size\" style=\"padding-top:var(--wp--preset--spacing--20);padding-bottom:var(--wp--preset--spacing--20)\">Hand Surgery Biomechanical Lab<\/h2>\n\n\n\n<h4 class=\"wp-block-heading alignwide has-text-align-center ext-animate--on has-medium-font-size\" style=\"padding-top:var(--wp--preset--spacing--20);padding-bottom:var(--wp--preset--spacing--30)\">Research on anatomical variability and biomechanical relationships of the upper limb <\/h4>\n\n\n\n<p class=\"ext-animate--on\" style=\"padding-top:var(--wp--preset--spacing--30);padding-bottom:var(--wp--preset--spacing--30)\">Hand Surgey Biomechanical Lab is part of the <a href=\"https:\/\/anatomie.lf2.cuni.cz\/veda-vyzkum\/biomechanicka-laborator-chirurgie-ruky\" data-type=\"link\" data-id=\"https:\/\/anatomie.lf2.cuni.cz\/veda-vyzkum\/biomechanicka-laborator-chirurgie-ruky\">Department of Anatomy<\/a> and focuses on research into the anatomy, biomechanics, and functional relationships of the upper limb, particularly the hand, wrist, and elbow. The aim of the laboratory is to generate outputs that connect fundamental anatomical knowledge with the practical needs of clinical surgery.<\/p>\n\n\n\n<h2 class=\"wp-block-heading has-text-align-center ext-animate--on\" style=\"margin-bottom:var(--wp--preset--spacing--30)\"><a href=\"https:\/\/biomechanikaruky.cz\/en\/vedecke-prace-biomechanicke-laboratore-chirurgie-ruky\/\" data-type=\"page\" data-id=\"79\">Research focus<\/a><\/h2>\n\n\n\n<p class=\"ext-animate--on\">The laboratory focuses on three main areas that link anatomical knowledge with clinical practice.<\/p>\n\n\n\n<div class=\"wp-block-columns ext-animate--on is-layout-flex wp-container-core-columns-is-layout-f934f333 wp-block-columns-is-layout-flex\" style=\"margin-top:var(--wp--preset--spacing--20);margin-bottom:var(--wp--preset--spacing--40);padding-top:var(--wp--preset--spacing--20);padding-bottom:var(--wp--preset--spacing--20)\">\n<div class=\"wp-block-column is-vertically-aligned-stretch has-border-color has-primary-border-color has-background is-layout-flow wp-block-column-is-layout-flow\" style=\"border-width:2px;background-color:#e4e8f1;padding-right:var(--wp--preset--spacing--20);padding-left:var(--wp--preset--spacing--20)\">\n<figure class=\"wp-block-image size-full ext-animate--on\" style=\"margin-top:var(--wp--preset--spacing--20);margin-right:0;margin-bottom:var(--wp--preset--spacing--20);margin-left:0\"><img loading=\"lazy\" decoding=\"async\" width=\"767\" height=\"767\" src=\"https:\/\/biomechanikaruky.cz\/wp-content\/uploads\/2026\/03\/kustky-bila-edited.jpg\" alt=\"Anatomick\u00e1 variabilita - p\u0159idatn\u00e9 kosti ruky\" class=\"wp-image-113\" srcset=\"https:\/\/biomechanikaruky.cz\/wp-content\/uploads\/2026\/03\/kustky-bila-edited.jpg 767w, https:\/\/biomechanikaruky.cz\/wp-content\/uploads\/2026\/03\/kustky-bila-edited-300x300.jpg 300w, https:\/\/biomechanikaruky.cz\/wp-content\/uploads\/2026\/03\/kustky-bila-edited-150x150.jpg 150w, https:\/\/biomechanikaruky.cz\/wp-content\/uploads\/2026\/03\/kustky-bila-edited-12x12.jpg 12w\" sizes=\"auto, (max-width: 767px) 100vw, 767px\" \/><\/figure>\n\n\n\n<p class=\"has-text-align-center ext-animate--on has-foreground-color has-text-color has-link-color wp-elements-82c8d84ee8574ee3ee5367543f5c6870\" style=\"border-style:none;border-width:0px\"><strong><a href=\"https:\/\/biomechanikaruky.cz\/en\/anatomicka-variabilita-ruky-a-zapesti\/\" title=\"Anatomical variability\">Anatomical variability<\/a> <\/strong><\/p>\n\n\n\n<p class=\"has-text-align-left ext-animate--on\">Research on anatomical variability and their significance for hand surgery<\/p>\n<\/div>\n\n\n\n<div class=\"wp-block-column is-vertically-aligned-stretch has-border-color has-primary-border-color has-background is-layout-flow wp-block-column-is-layout-flow\" style=\"border-width:2px;background-color:#e4e8f1;padding-right:var(--wp--preset--spacing--20);padding-bottom:var(--wp--preset--spacing--20);padding-left:var(--wp--preset--spacing--20)\">\n<figure class=\"wp-block-image size-full ext-animate--on\" style=\"margin-top:var(--wp--preset--spacing--20);margin-bottom:var(--wp--preset--spacing--20)\"><img loading=\"lazy\" decoding=\"async\" width=\"619\" height=\"619\" src=\"https:\/\/biomechanikaruky.cz\/wp-content\/uploads\/2026\/03\/biomechanika-edited.jpg\" alt=\"Biomechanika ruky a z\u00e1p\u011bst\u00ed - \u00faprava sklonu p\u0159i fraktu\u0159e dist\u00e1ln\u00edho radia\" class=\"wp-image-115\" srcset=\"https:\/\/biomechanikaruky.cz\/wp-content\/uploads\/2026\/03\/biomechanika-edited.jpg 619w, https:\/\/biomechanikaruky.cz\/wp-content\/uploads\/2026\/03\/biomechanika-edited-300x300.jpg 300w, https:\/\/biomechanikaruky.cz\/wp-content\/uploads\/2026\/03\/biomechanika-edited-150x150.jpg 150w, https:\/\/biomechanikaruky.cz\/wp-content\/uploads\/2026\/03\/biomechanika-edited-12x12.jpg 12w\" sizes=\"auto, (max-width: 619px) 100vw, 619px\" \/><\/figure>\n\n\n\n<p class=\"has-text-align-center ext-animate--on has-foreground-color has-text-color has-link-color wp-elements-b6d33f0ee0aa3f29f894e81998c3a341\" style=\"border-style:none;border-width:0px\"><a href=\"https:\/\/biomechanikaruky.cz\/en\/biomechanika-ruky-a-zapesti\/\" title=\"Biomechanics of hand and wrist\"><strong>Biomechanics of<\/strong> <strong>hand and wrist<\/strong><\/a><\/p>\n\n\n\n<p class=\"ext-animate--on\">Functional relationship between bones, joints, ligaments and tendons<\/p>\n<\/div>\n\n\n\n<div class=\"wp-block-column is-vertically-aligned-stretch ext-animate--on has-border-color has-primary-border-color has-background is-layout-flow wp-block-column-is-layout-flow\" style=\"border-width:2px;background-color:#e4e8f1;padding-right:var(--wp--preset--spacing--20);padding-left:var(--wp--preset--spacing--20)\">\n<figure class=\"wp-block-image size-full ext-animate--on\" style=\"margin-top:var(--wp--preset--spacing--20);margin-bottom:var(--wp--preset--spacing--20)\"><img loading=\"lazy\" decoding=\"async\" width=\"912\" height=\"912\" src=\"https:\/\/biomechanikaruky.cz\/wp-content\/uploads\/2026\/03\/metacalmity-edited.jpg\" alt=\"Klinick\u00fd p\u0159esah a inovace - metacalamity classification\" class=\"wp-image-117\" srcset=\"https:\/\/biomechanikaruky.cz\/wp-content\/uploads\/2026\/03\/metacalmity-edited.jpg 912w, https:\/\/biomechanikaruky.cz\/wp-content\/uploads\/2026\/03\/metacalmity-edited-300x300.jpg 300w, https:\/\/biomechanikaruky.cz\/wp-content\/uploads\/2026\/03\/metacalmity-edited-150x150.jpg 150w, https:\/\/biomechanikaruky.cz\/wp-content\/uploads\/2026\/03\/metacalmity-edited-768x768.jpg 768w, https:\/\/biomechanikaruky.cz\/wp-content\/uploads\/2026\/03\/metacalmity-edited-12x12.jpg 12w\" sizes=\"auto, (max-width: 912px) 100vw, 912px\" \/><\/figure>\n\n\n\n<p class=\"has-text-align-center ext-animate--on has-foreground-color has-text-color has-link-color wp-elements-20ddfea372f4d748cc0cb585d793e56d\" style=\"border-style:none;border-width:0px\"><strong>Innovations<\/strong><\/p>\n\n\n\n<p class=\"ext-animate--on\">Research with an impact on diagnosis and surgical decision-making.<\/p>\n<\/div>\n<\/div>\n<\/div>\n\n\n\n<div class=\"wp-block-group alignfull is-style-ext-preset--group--natural-1--section ext-animate--on has-tertiary-background-color has-background has-global-padding is-layout-constrained wp-container-core-group-is-layout-47af5fb4 wp-block-group-is-layout-constrained is-style-ext-preset--group--natural-1--section--2\" id=\"about\" style=\"margin-top:0;margin-bottom:0;padding-top:var(--wp--preset--spacing--30);padding-bottom:var(--wp--preset--spacing--30)\">\n<h2 class=\"wp-block-heading has-text-align-center ext-animate--on\">Current projects<\/h2>\n\n\n\n<div class=\"wp-block-columns ext-animate--on is-layout-flex wp-container-core-columns-is-layout-f934f333 wp-block-columns-is-layout-flex\" style=\"margin-top:var(--wp--preset--spacing--20);margin-bottom:var(--wp--preset--spacing--40);padding-top:var(--wp--preset--spacing--20);padding-bottom:var(--wp--preset--spacing--20)\">\n<div class=\"wp-block-column is-vertically-aligned-stretch ext-animate--on has-border-color has-primary-border-color has-background is-layout-flow wp-block-column-is-layout-flow\" style=\"border-width:2px;background-color:#e4e8f1;padding-right:var(--wp--preset--spacing--20);padding-left:var(--wp--preset--spacing--20)\">\n<figure class=\"wp-block-image size-full ext-animate--on\" style=\"margin-top:var(--wp--preset--spacing--20);margin-right:0;margin-bottom:var(--wp--preset--spacing--20);margin-left:0\"><img loading=\"lazy\" decoding=\"async\" width=\"657\" height=\"657\" src=\"https:\/\/biomechanikaruky.cz\/wp-content\/uploads\/2026\/03\/Dcera-leva-3Db-edited.jpg\" alt=\"Akcesorn\u00ed kosti z\u00e1p\u011bst\u00ed a lokte - CT obr\u00e1zek\" class=\"wp-image-123\" srcset=\"https:\/\/biomechanikaruky.cz\/wp-content\/uploads\/2026\/03\/Dcera-leva-3Db-edited.jpg 657w, https:\/\/biomechanikaruky.cz\/wp-content\/uploads\/2026\/03\/Dcera-leva-3Db-edited-300x300.jpg 300w, https:\/\/biomechanikaruky.cz\/wp-content\/uploads\/2026\/03\/Dcera-leva-3Db-edited-150x150.jpg 150w, https:\/\/biomechanikaruky.cz\/wp-content\/uploads\/2026\/03\/Dcera-leva-3Db-edited-12x12.jpg 12w\" sizes=\"auto, (max-width: 657px) 100vw, 657px\" \/><\/figure>\n\n\n\n<p class=\"has-text-align-center ext-animate--on has-foreground-color has-text-color has-link-color wp-elements-eef361aef6c17c5fbd4390677f120f88\" style=\"border-style:none;border-width:0px\"><strong>Accessory bones of hand and wrist<\/strong><\/p>\n<\/div>\n\n\n\n<div class=\"wp-block-column is-vertically-aligned-stretch ext-animate--on has-border-color has-primary-border-color has-background is-layout-flow wp-block-column-is-layout-flow\" style=\"border-width:2px;background-color:#e4e8f1;padding-right:var(--wp--preset--spacing--20);padding-bottom:var(--wp--preset--spacing--20);padding-left:var(--wp--preset--spacing--20)\">\n<figure class=\"wp-block-image size-full ext-animate--on\" style=\"margin-top:var(--wp--preset--spacing--20);margin-bottom:var(--wp--preset--spacing--20)\"><img loading=\"lazy\" decoding=\"async\" width=\"900\" height=\"900\" src=\"https:\/\/biomechanikaruky.cz\/wp-content\/uploads\/2026\/03\/USG-1-edited.jpg\" alt=\"Dynamick\u00e1 anatomie - ultrazvukov\u00fd obr\u00e1zek n. medianus\" class=\"wp-image-125\" srcset=\"https:\/\/biomechanikaruky.cz\/wp-content\/uploads\/2026\/03\/USG-1-edited.jpg 900w, https:\/\/biomechanikaruky.cz\/wp-content\/uploads\/2026\/03\/USG-1-edited-300x300.jpg 300w, https:\/\/biomechanikaruky.cz\/wp-content\/uploads\/2026\/03\/USG-1-edited-150x150.jpg 150w, https:\/\/biomechanikaruky.cz\/wp-content\/uploads\/2026\/03\/USG-1-edited-768x768.jpg 768w, https:\/\/biomechanikaruky.cz\/wp-content\/uploads\/2026\/03\/USG-1-edited-12x12.jpg 12w\" sizes=\"auto, (max-width: 900px) 100vw, 900px\" \/><\/figure>\n\n\n\n<p class=\"has-text-align-center ext-animate--on has-foreground-color has-text-color has-link-color wp-elements-1cfa9c718f19ba686be32baba555fae1\" style=\"border-style:none;border-width:0px\"><strong>Dynamic anatomy<\/strong><\/p>\n<\/div>\n\n\n\n<div class=\"wp-block-column is-vertically-aligned-stretch ext-animate--on has-border-color has-primary-border-color has-background is-layout-flow wp-block-column-is-layout-flow\" style=\"border-width:2px;background-color:#e4e8f1;padding-right:var(--wp--preset--spacing--20);padding-left:var(--wp--preset--spacing--20)\">\n<figure class=\"wp-block-image size-full ext-animate--on\" style=\"margin-top:var(--wp--preset--spacing--20);margin-bottom:var(--wp--preset--spacing--20)\"><img loading=\"lazy\" decoding=\"async\" width=\"2560\" height=\"2560\" src=\"https:\/\/biomechanikaruky.cz\/wp-content\/uploads\/2026\/03\/RSL-2-edited-scaled.jpg\" alt=\"Biomechanika artrod\u00e9z - rentgenov\u00fd obr\u00e1zek artrod\u00e9zy\" class=\"wp-image-124\" srcset=\"https:\/\/biomechanikaruky.cz\/wp-content\/uploads\/2026\/03\/RSL-2-edited-scaled.jpg 2560w, https:\/\/biomechanikaruky.cz\/wp-content\/uploads\/2026\/03\/RSL-2-edited-300x300.jpg 300w, https:\/\/biomechanikaruky.cz\/wp-content\/uploads\/2026\/03\/RSL-2-edited-1024x1024.jpg 1024w, https:\/\/biomechanikaruky.cz\/wp-content\/uploads\/2026\/03\/RSL-2-edited-150x150.jpg 150w, https:\/\/biomechanikaruky.cz\/wp-content\/uploads\/2026\/03\/RSL-2-edited-768x768.jpg 768w, https:\/\/biomechanikaruky.cz\/wp-content\/uploads\/2026\/03\/RSL-2-edited-1536x1536.jpg 1536w, https:\/\/biomechanikaruky.cz\/wp-content\/uploads\/2026\/03\/RSL-2-edited-2048x2048.jpg 2048w, https:\/\/biomechanikaruky.cz\/wp-content\/uploads\/2026\/03\/RSL-2-edited-12x12.jpg 12w\" sizes=\"auto, (max-width: 2560px) 100vw, 2560px\" \/><\/figure>\n\n\n\n<p class=\"has-text-align-center ext-animate--on has-foreground-color has-text-color has-link-color wp-elements-5254c682206c3aa49daba30c854bf849\" style=\"border-style:none;border-width:0px\"><strong>Biomechanics of arthrodeses<\/strong><\/p>\n<\/div>\n<\/div>\n\n\n\n<h2 class=\"wp-block-heading has-text-align-center ext-animate--on\" style=\"padding-bottom:0\">Why is this research important?<\/h2>\n\n\n\n<ul class=\"wp-block-list ext-animate--on\">\n<li style=\"font-size:clamp(0.984rem, 0.984rem + ((1vw - 0.2rem) * 0.86), 1.5rem);\">Safer surgery<\/li>\n\n\n\n<li class=\"ext-animate--on\" style=\"font-size:clamp(0.984rem, 0.984rem + ((1vw - 0.2rem) * 0.86), 1.5rem);\">More precise preoperative planning<\/li>\n\n\n\n<li class=\"ext-animate--on\" style=\"font-size:clamp(0.984rem, 0.984rem + ((1vw - 0.2rem) * 0.86), 1.5rem);\">Better understanding of anatomical variability<\/li>\n\n\n\n<li class=\"ext-animate--on\" style=\"font-size:clamp(0.984rem, 0.984rem + ((1vw - 0.2rem) * 0.86), 1.5rem);\">Direct impact on clinical decision-making.<\/li>\n<\/ul>\n\n\n\n<p class=\"ext-animate--on has-medium-font-size\">Our scientific publications <a href=\"https:\/\/biomechanikaruky.cz\/en\/vedecke-prace-biomechanicke-laboratore-chirurgie-ruky\/\" data-type=\"page\" data-id=\"79\">here<\/a><\/p>\n<\/div>\n\n\n\n<div class=\"wp-block-group alignfull is-style-ext-preset--group--natural-1--section ext-animate--on has-tertiary-background-color has-background has-global-padding is-layout-constrained wp-container-core-group-is-layout-47af5fb4 wp-block-group-is-layout-constrained is-style-ext-preset--group--natural-1--section--3\" id=\"spoluprace\" style=\"margin-top:0;margin-bottom:0;padding-top:var(--wp--preset--spacing--30);padding-bottom:var(--wp--preset--spacing--30)\">\n<h2 class=\"wp-block-heading has-text-align-center ext-animate--on\">Collaboration<\/h2>\n\n\n\n<p class=\"ext-animate--on\">Are you interested in professional, research, or interdisciplinary collaboration? The laboratory is open to projects that connect anatomy, biomechanics, hand surgery, teaching, and clinical research.<br><br><strong>Academic collaboration<\/strong><br>Collaborative research projects, student theses, and publication activities.<br><br><strong>Clinical collaboration<\/strong><br>Topics with a direct impact on diagnosis, surgical decision-making, and clinical practice in the field of the upper limb.<br><br><strong>Interdisciplinary collaboration<\/strong><br>Projects at the interface of anatomy, biomechanics, imaging, technology, or education.<br><br><strong>Contact us<\/strong> <strong>by e-mail: vojtech.kunc@lfmotol.cuni.cz<\/strong><\/p>\n<\/div>\n\n\n\n<div class=\"wp-block-group alignfull ext-hero-section is-style-ext-preset--group--natural-1--section ext-animate--on has-background-background-color has-background has-global-padding is-layout-constrained wp-container-core-group-is-layout-4e54da2b wp-block-group-is-layout-constrained is-style-ext-preset--group--natural-1--section--4\" id=\"tym\" style=\"margin-top:0;margin-bottom:0;padding-top:0;padding-right:0;padding-bottom:var(--wp--preset--spacing--20);padding-left:0\">\n<h2 class=\"wp-block-heading has-text-align-center ext-animate--on\" style=\"padding-top:var(--wp--preset--spacing--30);padding-bottom:var(--wp--preset--spacing--30)\"><a href=\"https:\/\/biomechanikaruky.cz\/en\/vedecky-tym\/\" data-type=\"page\" data-id=\"139\">Research team<\/a><\/h2>\n\n\n\n<p class=\"ext-animate--on\" style=\"padding-top:var(--wp--preset--spacing--20);padding-bottom:var(--wp--preset--spacing--20)\">The laboratory brings together academic staff, PhD candidates, and students with an interest in anatomy, biomechanics, and clinically oriented research in hand surgery.<\/p>\n\n\n\n<p class=\"ext-animate--on\" style=\"padding-top:var(--wp--preset--spacing--20);padding-bottom:0\"><strong>Head of the laboratory<\/strong><br><a href=\"https:\/\/biomechanikaruky.cz\/en\/mudr-vojtech-kunc-ph-d\/\" title=\"MUDr. Vojt\u011bch Kunc, Ph.D.\">MUDr. Vojt\u011bch Kunc, Ph.D.<\/a><\/p>\n\n\n\n<p class=\"ext-animate--on\"><br><strong>Ph.D. candidates<\/strong><br><a data-type=\"link\" data-id=\"https:\/\/www.lf2.cuni.cz\/profil\/michal-benes\" href=\"https:\/\/www.lf2.cuni.cz\/profil\/michal-benes\">MUDr. Michal Bene\u0161<\/a><br>Ing. Vojt\u011bch Jane\u010dek<br><br><strong>Research team:<\/strong><br>Viktorie Adamcov\u00e1<br>Nikola Horn\u00edkov\u00e1<br>MUDr. Judita Kamlerov\u00e1<br>Matou\u0161 Kroupa<br><\/p>\n\n\n\n<p class=\"ext-animate--on\"><strong>Institutional support<\/strong><br>Anatomical Department of 2 LF UK<br>Head of the department: <a data-type=\"link\" data-id=\"https:\/\/www.lf2.cuni.cz\/profil\/david-kachlik\" href=\"https:\/\/www.lf2.cuni.cz\/profil\/david-kachlik\">Prof. MUDr. David Kachl\u00edk, Ph.D.<\/a><\/p>\n<\/div>\n\n\n\n<div class=\"wp-block-group alignfull ext-hero-section is-style-ext-preset--group--natural-1--section ext-animate--on has-background-background-color has-background has-global-padding is-layout-constrained wp-container-core-group-is-layout-4e54da2b wp-block-group-is-layout-constrained is-style-ext-preset--group--natural-1--section--5\" style=\"margin-top:0;margin-bottom:0;padding-top:0;padding-right:0;padding-bottom:var(--wp--preset--spacing--20);padding-left:0\">\n<h2 class=\"wp-block-heading has-text-align-center ext-animate--on\" style=\"padding-top:var(--wp--preset--spacing--20);padding-bottom:var(--wp--preset--spacing--20)\">In collaboration:<\/h2>\n\n\n\n<div class=\"wp-block-columns ext-animate--on is-layout-flex wp-container-core-columns-is-layout-28f84493 wp-block-columns-is-layout-flex\">\n<div class=\"wp-block-column is-layout-flow wp-block-column-is-layout-flow\">\n<figure class=\"wp-block-gallery has-nested-images columns-default is-cropped ext-animate--on wp-block-gallery-6 is-layout-flex wp-block-gallery-is-layout-flex\">\n<figure class=\"wp-block-image size-large\"><img loading=\"lazy\" decoding=\"async\" width=\"702\" height=\"228\" data-id=\"60\" src=\"https:\/\/biomechanikaruky.cz\/wp-content\/uploads\/2026\/03\/2-LF-UK.jpg\" alt=\"Logo - \u00dastav anatomie 2. LF UK\" class=\"wp-image-60\" srcset=\"https:\/\/biomechanikaruky.cz\/wp-content\/uploads\/2026\/03\/2-LF-UK.jpg 702w, https:\/\/biomechanikaruky.cz\/wp-content\/uploads\/2026\/03\/2-LF-UK-300x97.jpg 300w, https:\/\/biomechanikaruky.cz\/wp-content\/uploads\/2026\/03\/2-LF-UK-18x6.jpg 18w\" sizes=\"auto, (max-width: 702px) 100vw, 702px\" \/><\/figure>\n<\/figure>\n<\/div>\n\n\n\n<div class=\"wp-block-column ext-animate--on is-layout-flow wp-block-column-is-layout-flow\">\n<figure class=\"wp-block-gallery has-nested-images columns-default is-cropped ext-animate--on wp-block-gallery-7 is-layout-flex wp-block-gallery-is-layout-flex\">\n<figure class=\"wp-block-image size-full ext-animate--on\"><img loading=\"lazy\" decoding=\"async\" width=\"824\" height=\"192\" data-id=\"271\" src=\"https:\/\/biomechanikaruky.cz\/wp-content\/uploads\/2026\/04\/logo1.jpg\" alt=\"\" class=\"wp-image-271\" srcset=\"https:\/\/biomechanikaruky.cz\/wp-content\/uploads\/2026\/04\/logo1.jpg 824w, https:\/\/biomechanikaruky.cz\/wp-content\/uploads\/2026\/04\/logo1-300x70.jpg 300w, https:\/\/biomechanikaruky.cz\/wp-content\/uploads\/2026\/04\/logo1-768x179.jpg 768w\" sizes=\"auto, (max-width: 824px) 100vw, 824px\" \/><\/figure>\n<\/figure>\n<\/div>\n\n\n\n<div class=\"wp-block-column is-layout-flow wp-block-column-is-layout-flow\">\n<figure class=\"wp-block-image size-large ext-animate--on\"><img loading=\"lazy\" decoding=\"async\" width=\"1024\" height=\"457\" src=\"https:\/\/biomechanikaruky.cz\/wp-content\/uploads\/2026\/03\/CESKA-LOGO-1024x457.jpg\" alt=\"Logo - CESKA\" class=\"wp-image-61\" srcset=\"https:\/\/biomechanikaruky.cz\/wp-content\/uploads\/2026\/03\/CESKA-LOGO-1024x457.jpg 1024w, https:\/\/biomechanikaruky.cz\/wp-content\/uploads\/2026\/03\/CESKA-LOGO-300x134.jpg 300w, https:\/\/biomechanikaruky.cz\/wp-content\/uploads\/2026\/03\/CESKA-LOGO-768x343.jpg 768w, https:\/\/biomechanikaruky.cz\/wp-content\/uploads\/2026\/03\/CESKA-LOGO-18x8.jpg 18w, https:\/\/biomechanikaruky.cz\/wp-content\/uploads\/2026\/03\/CESKA-LOGO.jpg 1211w\" sizes=\"auto, (max-width: 1024px) 100vw, 1024px\" \/><\/figure>\n<\/div>\n<\/div>\n<\/div>","protected":false},"excerpt":{"rendered":"<p>Biomechanick\u00e1 laborato\u0159 chirurgie ruky V\u00fdzkum anatomick\u00e9 variability a biomechanick\u00fdch souvislost\u00ed horn\u00ed kon\u010detiny Biomechanick\u00e1 laborato\u0159 chirurgie ruky je sou\u010d\u00e1st\u00ed \u00dastavu anatomie a zam\u011b\u0159uje se na v\u00fdzkum anatomie, biomechaniky a funk\u010dn\u00edch souvislost\u00ed horn\u00ed kon\u010detiny, zejm\u00e9na ruky, z\u00e1p\u011bst\u00ed a lokte. C\u00edlem laborato\u0159e je vytv\u00e1\u0159et v\u00fdstupy, kter\u00e9 propojuj\u00ed z\u00e1kladn\u00ed anatomick\u00e9 pozn\u00e1n\u00ed s praktick\u00fdmi pot\u0159ebami klinick\u00e9 chirurgie. V\u00fdzkumn\u00e9 zam\u011b\u0159en\u00ed Laborato\u0159 [&hellip;]<\/p>\n","protected":false},"author":1,"featured_media":0,"parent":0,"menu_order":0,"comment_status":"closed","ping_status":"closed","template":"no-title-sticky-header","meta":{"om_disable_all_campaigns":false,"_monsterinsights_skip_tracking":false,"_monsterinsights_sitenote_active":false,"_monsterinsights_sitenote_note":"","_monsterinsights_sitenote_category":0,"_uf_show_specific_survey":0,"_uf_disable_surveys":false,"footnotes":""},"class_list":["post-14","page","type-page","status-publish","hentry"],"aioseo_notices":[],"_links":{"self":[{"href":"https:\/\/biomechanikaruky.cz\/en\/wp-json\/wp\/v2\/pages\/14","targetHints":{"allow":["GET"]}}],"collection":[{"href":"https:\/\/biomechanikaruky.cz\/en\/wp-json\/wp\/v2\/pages"}],"about":[{"href":"https:\/\/biomechanikaruky.cz\/en\/wp-json\/wp\/v2\/types\/page"}],"author":[{"embeddable":true,"href":"https:\/\/biomechanikaruky.cz\/en\/wp-json\/wp\/v2\/users\/1"}],"replies":[{"embeddable":true,"href":"https:\/\/biomechanikaruky.cz\/en\/wp-json\/wp\/v2\/comments?post=14"}],"version-history":[{"count":47,"href":"https:\/\/biomechanikaruky.cz\/en\/wp-json\/wp\/v2\/pages\/14\/revisions"}],"predecessor-version":[{"id":272,"href":"https:\/\/biomechanikaruky.cz\/en\/wp-json\/wp\/v2\/pages\/14\/revisions\/272"}],"wp:attachment":[{"href":"https:\/\/biomechanikaruky.cz\/en\/wp-json\/wp\/v2\/media?parent=14"}],"curies":[{"name":"wp","href":"https:\/\/api.w.org\/{rel}","templated":true}]}}