{"id":147,"date":"2026-03-16T18:45:58","date_gmt":"2026-03-16T17:45:58","guid":{"rendered":"https:\/\/biomechanikaruky.cz\/?page_id=147"},"modified":"2026-03-28T20:42:58","modified_gmt":"2026-03-28T19:42:58","slug":"spoluprace","status":"publish","type":"page","link":"https:\/\/biomechanikaruky.cz\/en\/spoluprace\/","title":{"rendered":"Collaboration"},"content":{"rendered":"<h2 class=\"wp-block-heading has-text-align-center ext-animate--on\">Collaboration<\/h2>\n\n\n\n<p class=\"ext-animate--on\">Are you interested in professional, research, or interdisciplinary collaboration? The laboratory is open to projects that connect anatomy, biomechanics, hand surgery, teaching, and clinical research.<br><br><strong>Academic collaboration<\/strong><br>Collaborative research projects, student theses, and publication activities.<br><br><em>We particularly welcome students interested in independent research in the field of experimental surgery.<\/em><br><br><strong>Clinical collaboration<\/strong><br>Topics with a direct impact on diagnosis, surgical decision-making, and clinical practice in the field of the upper limb.<br><br><em>We welcome collaboration in testing innovative methods and clinically relevant approaches.<\/em><br><br><strong>Interdisciplinary collaboration<\/strong><br>Projects at the interface of anatomy, biomechanics, imaging, technology, or education.<br><br><strong>Contact us<\/strong> <strong>by e-mail: <span style=\"text-decoration: underline;\">vojtech.kunc@lfmotol.cuni.cz<\/span><\/strong><\/p>","protected":false},"excerpt":{"rendered":"<p>Spolupr\u00e1ce M\u00e1te z\u00e1jem o odbornou, v\u00fdzkumnou nebo mezioborovou spolupr\u00e1ci? Laborato\u0159 je otev\u0159ena projekt\u016fm propojuj\u00edc\u00edm anatomii, biomechaniku, chirurgii ruky, v\u00fduku a klinick\u00fd v\u00fdzkum. Akademick\u00e1 spolupr\u00e1ceSpole\u010dn\u00e9 v\u00fdzkumn\u00e9 projekty, studentsk\u00e9 pr\u00e1ce, publika\u010dn\u00ed \u010dinnost. Uv\u00edt\u00e1me zejm\u00e9na studenty se z\u00e1jmem o samostatnou v\u00fdzkumnou pr\u00e1ci v oblasti experiment\u00e1ln\u00ed chirurgie. Klinick\u00e1 spolupr\u00e1ceT\u00e9mata s p\u0159\u00edm\u00fdm dopadem na diagnostiku, chirurgick\u00e9 rozhodov\u00e1n\u00ed a klinickou praxi [&hellip;]<\/p>\n","protected":false},"author":1,"featured_media":0,"parent":0,"menu_order":0,"comment_status":"closed","ping_status":"open","template":"","meta":{"om_disable_all_campaigns":false,"_monsterinsights_skip_tracking":false,"_monsterinsights_sitenote_active":false,"_monsterinsights_sitenote_note":"","_monsterinsights_sitenote_category":0,"_uf_show_specific_survey":0,"_uf_disable_surveys":false,"footnotes":""},"class_list":["post-147","page","type-page","status-publish","hentry"],"aioseo_notices":[],"_links":{"self":[{"href":"https:\/\/biomechanikaruky.cz\/en\/wp-json\/wp\/v2\/pages\/147","targetHints":{"allow":["GET"]}}],"collection":[{"href":"https:\/\/biomechanikaruky.cz\/en\/wp-json\/wp\/v2\/pages"}],"about":[{"href":"https:\/\/biomechanikaruky.cz\/en\/wp-json\/wp\/v2\/types\/page"}],"author":[{"embeddable":true,"href":"https:\/\/biomechanikaruky.cz\/en\/wp-json\/wp\/v2\/users\/1"}],"replies":[{"embeddable":true,"href":"https:\/\/biomechanikaruky.cz\/en\/wp-json\/wp\/v2\/comments?post=147"}],"version-history":[{"count":5,"href":"https:\/\/biomechanikaruky.cz\/en\/wp-json\/wp\/v2\/pages\/147\/revisions"}],"predecessor-version":[{"id":155,"href":"https:\/\/biomechanikaruky.cz\/en\/wp-json\/wp\/v2\/pages\/147\/revisions\/155"}],"wp:attachment":[{"href":"https:\/\/biomechanikaruky.cz\/en\/wp-json\/wp\/v2\/media?parent=147"}],"curies":[{"name":"wp","href":"https:\/\/api.w.org\/{rel}","templated":true}]}}