{"id":168,"date":"2026-03-16T19:40:06","date_gmt":"2026-03-16T18:40:06","guid":{"rendered":"https:\/\/biomechanikaruky.cz\/?page_id=168"},"modified":"2026-03-28T20:31:30","modified_gmt":"2026-03-28T19:31:30","slug":"kunc-vojtech-artroskopie-osteotomie","status":"publish","type":"page","link":"https:\/\/biomechanikaruky.cz\/en\/kunc-vojtech-artroskopie-osteotomie\/","title":{"rendered":"Kunc Vojt\u011bch, Artroskopie osteotomie"},"content":{"rendered":"<h4 class=\"wp-block-heading ext-animate--on\"><strong>Kunc V<\/strong>., et al. Distal radius intra-articular malunion corrected with arthroscopy-assisted open osteotomy: A case report<\/h4>\n\n\n\n<div class=\"wp-block-columns ext-animate--on is-layout-flex wp-container-core-columns-is-layout-28f84493 wp-block-columns-is-layout-flex\">\n<div class=\"wp-block-column is-layout-flow wp-block-column-is-layout-flow\">\n<p class=\"ext-animate--on\">Artroskopie a osteotomie ruky nejsou jen technick\u00e9 v\u00fdkony. Ka\u017ed\u00fd z\u00e1krok mus\u00ed vych\u00e1zet z pochopen\u00ed biomechaniky konkr\u00e9tn\u00edho probl\u00e9mu a jeho dopadu na funkci ruky.<br><br>Ve studii jsme popsali l\u00e9\u010dbu slo\u017eit\u00e9 nitrokloubn\u00ed malpozice dist\u00e1ln\u00edho radia pomoc\u00ed kombinace otev\u0159en\u00e9 osteotomie a artroskopick\u00e9 kontroly. Hlavn\u00edm p\u0159\u00ednosem pr\u00e1ce je v\u016fbec <strong>prvn\u00ed popsan\u00e9 pou\u017eit\u00ed artroskopie dist\u00e1ln\u00edho radiouln\u00e1rn\u00edho kloubu (DRUJ) p\u0159i osteotomii<\/strong> ve sv\u011btov\u00e9 literatu\u0159e.<\/p>\n<\/div>\n\n\n\n<div class=\"wp-block-column is-layout-flow wp-block-column-is-layout-flow\">\n<figure class=\"wp-block-image size-full ext-animate--on\"><img loading=\"lazy\" decoding=\"async\" width=\"791\" height=\"593\" src=\"https:\/\/biomechanikaruky.cz\/wp-content\/uploads\/2026\/03\/Figure-3-2-edited.jpg\" alt=\"\" class=\"wp-image-170\" srcset=\"https:\/\/biomechanikaruky.cz\/wp-content\/uploads\/2026\/03\/Figure-3-2-edited.jpg 791w, https:\/\/biomechanikaruky.cz\/wp-content\/uploads\/2026\/03\/Figure-3-2-edited-300x225.jpg 300w, https:\/\/biomechanikaruky.cz\/wp-content\/uploads\/2026\/03\/Figure-3-2-edited-768x576.jpg 768w, https:\/\/biomechanikaruky.cz\/wp-content\/uploads\/2026\/03\/Figure-3-2-edited-16x12.jpg 16w\" sizes=\"auto, (max-width: 791px) 100vw, 791px\" \/><figcaption class=\"wp-element-caption\">Periopera\u010dn\u00ed n\u00e1lez<\/figcaption><\/figure>\n<\/div>\n<\/div>\n\n\n\n<p class=\"ext-animate--on\">Tento p\u0159\u00edstup za vyu\u017eit\u00ed tenkt\u00e9 nanoskopick\u00e9 optiky 1,9 mm m\u016f\u017ee u vybran\u00fdch pacient\u016f umo\u017enit p\u0159esn\u011bj\u0161\u00ed korekci kloubn\u00ed plochy, lep\u0161\u00ed zachov\u00e1n\u00ed kloubu a zlep\u0161en\u00ed funkce z\u00e1p\u011bst\u00ed po \u0161patn\u011b zhojen\u00e9 zlomenin\u011b.<\/p>\n\n\n\n<p class=\"ext-animate--on\"><a href=\"https:\/\/pubmed.ncbi.nlm.nih.gov\/41503665\/\" data-type=\"link\" data-id=\"https:\/\/pubmed.ncbi.nlm.nih.gov\/41503665\/\">Kunc V., Mi\u0161i\u010dko R., Veigl D. Distal radius intra-articular malunion corrected with arthroscopy assisted open osteotomy: A case report. Acta Chir Orthop Traumatol Cech 2025.<\/a><\/p>","protected":false},"excerpt":{"rendered":"<p>Kunc V., et al. Distal radius intra-articular malunion corrected with arthroscopy-assisted open osteotomy: A case report Artroskopie a osteotomie ruky nejsou jen technick\u00e9 v\u00fdkony. Ka\u017ed\u00fd z\u00e1krok mus\u00ed vych\u00e1zet z pochopen\u00ed biomechaniky konkr\u00e9tn\u00edho probl\u00e9mu a jeho dopadu na funkci ruky. Ve studii jsme popsali l\u00e9\u010dbu slo\u017eit\u00e9 nitrokloubn\u00ed malpozice dist\u00e1ln\u00edho radia pomoc\u00ed kombinace otev\u0159en\u00e9 osteotomie a artroskopick\u00e9 [&hellip;]<\/p>\n","protected":false},"author":1,"featured_media":0,"parent":0,"menu_order":0,"comment_status":"closed","ping_status":"open","template":"","meta":{"om_disable_all_campaigns":false,"_monsterinsights_skip_tracking":false,"_monsterinsights_sitenote_active":false,"_monsterinsights_sitenote_note":"","_monsterinsights_sitenote_category":0,"_uf_show_specific_survey":0,"_uf_disable_surveys":false,"footnotes":""},"class_list":["post-168","page","type-page","status-publish","hentry"],"aioseo_notices":[],"_links":{"self":[{"href":"https:\/\/biomechanikaruky.cz\/en\/wp-json\/wp\/v2\/pages\/168","targetHints":{"allow":["GET"]}}],"collection":[{"href":"https:\/\/biomechanikaruky.cz\/en\/wp-json\/wp\/v2\/pages"}],"about":[{"href":"https:\/\/biomechanikaruky.cz\/en\/wp-json\/wp\/v2\/types\/page"}],"author":[{"embeddable":true,"href":"https:\/\/biomechanikaruky.cz\/en\/wp-json\/wp\/v2\/users\/1"}],"replies":[{"embeddable":true,"href":"https:\/\/biomechanikaruky.cz\/en\/wp-json\/wp\/v2\/comments?post=168"}],"version-history":[{"count":2,"href":"https:\/\/biomechanikaruky.cz\/en\/wp-json\/wp\/v2\/pages\/168\/revisions"}],"predecessor-version":[{"id":253,"href":"https:\/\/biomechanikaruky.cz\/en\/wp-json\/wp\/v2\/pages\/168\/revisions\/253"}],"wp:attachment":[{"href":"https:\/\/biomechanikaruky.cz\/en\/wp-json\/wp\/v2\/media?parent=168"}],"curies":[{"name":"wp","href":"https:\/\/api.w.org\/{rel}","templated":true}]}}