{"id":245,"date":"2026-03-28T20:09:24","date_gmt":"2026-03-28T19:09:24","guid":{"rendered":"https:\/\/biomechanikaruky.cz\/?page_id=245"},"modified":"2026-03-28T20:09:25","modified_gmt":"2026-03-28T19:09:25","slug":"biomechanika-ruky-a-zapesti","status":"publish","type":"page","link":"https:\/\/biomechanikaruky.cz\/en\/biomechanika-ruky-a-zapesti\/","title":{"rendered":"Biomechanics of hand and wrist"},"content":{"rendered":"<h1 class=\"wp-block-heading ext-animate--on\" style=\"font-size:clamp(1.502rem, 1.502rem + ((1vw - 0.2rem) * 1.663), 2.5rem);\">Biomechanics of hand and wrist<\/h1>\n\n\n\n<p class=\"ext-animate--on\">Biomechanika ruky a z\u00e1p\u011bst\u00ed p\u0159edstavuje z\u00e1klad pro pochopen\u00ed funkce horn\u00ed kon\u010detiny. Ruka a z\u00e1p\u011bst\u00ed p\u0159edstavuj\u00ed mimo\u0159\u00e1dn\u011b slo\u017eit\u00fd funk\u010dn\u00ed celek. Jejich spr\u00e1vn\u00e1 \u010dinnost z\u00e1vis\u00ed na p\u0159esn\u00e9 souh\u0159e tahu \u0161lach, p\u0159enosu sil prost\u0159ednictv\u00edm vazivov\u00fdch struktur i pohybu, kter\u00fd je ovlivn\u011bn tvarem kloubn\u00edch ploch a jejich vz\u00e1jemn\u00fdm postaven\u00edm. Biomechanika ruky a z\u00e1p\u011bst\u00ed zkoum\u00e1, jak se tyto struktury p\u0159i pohybu zat\u011b\u017euj\u00ed, jak p\u0159en\u00e1\u0161ej\u00ed s\u00edly a jak se jejich funkce m\u011bn\u00ed p\u0159i \u00farazu, degenerativn\u00edm posti\u017een\u00ed nebo po opera\u010dn\u00edm v\u00fdkonu.<\/p>\n\n\n\n<p class=\"ext-animate--on\">I relativn\u011b mal\u00e1 zm\u011bna anatomie m\u016f\u017ee m\u00edt v\u00fdrazn\u00fd klinick\u00fd dopad. Zm\u011bna sklonu po zlomenin\u011b dist\u00e1ln\u00edho radia, poran\u011bn\u00ed vaz\u016f z\u00e1p\u011bst\u00ed nebo oslaben\u00ed svalov\u00fdch skupin m\u016f\u017ee v\u00e9st k bolesti, nestabilit\u011b, omezen\u00ed pohybu i dlouhodob\u00e9mu p\u0159et\u011b\u017eov\u00e1n\u00ed dal\u0161\u00edch struktur. V\u00fdznamnou a dosud jen \u010d\u00e1ste\u010dn\u011b prob\u00e1danou oblast\u00ed je tak\u00e9 <a href=\"https:\/\/biomechanikaruky.cz\/en\/anatomicka-variabilita-ruky-a-zapesti\/\" title=\"Anatomical variability\">anatomick\u00e1 variabilita<\/a>, proto\u017ee d\u00edky n\u00ed se biomechanick\u00e9 pom\u011bry u jednotliv\u00fdch lid\u00ed li\u0161\u00ed. Pr\u00e1v\u011b proto je biomechanick\u00e9 porozum\u011bn\u00ed d\u016fle\u017eit\u00e9 nejen pro v\u00fdzkum, ale i pro ka\u017edodenn\u00ed klinick\u00e9 a chirurgick\u00e9 rozhodov\u00e1n\u00ed.<\/p>\n\n\n\n<h2 class=\"wp-block-heading ext-animate--on has-large-font-size\">Pro\u010d je biomechanika ruky d\u016fle\u017eit\u00e1 p\u0159i operac\u00edch?<\/h2>\n\n\n\n<p class=\"ext-animate--on\">Chirurgie ruky \u010dasto \u0159e\u0161\u00ed probl\u00e9my, u nich\u017e samotn\u00fd popis n\u00e1lezu nesta\u010d\u00ed. Operat\u00e9r mus\u00ed rozum\u011bt tak\u00e9 tomu, jak\u00fd m\u00e1 dan\u00fd n\u00e1lez funk\u010dn\u00ed v\u00fdznam a jak ovliv\u0148uje stabilitu, pohyb a p\u0159enos sil v cel\u00e9 oblasti.<\/p>\n\n\n\n<p class=\"ext-animate--on\">Biomechanick\u00e9 pozn\u00e1n\u00ed pom\u00e1h\u00e1 odpov\u011bd\u011bt nap\u0159\u00edklad na ot\u00e1zky:<\/p>\n\n\n\n<ul class=\"wp-block-list ext-animate--on\">\n<li class=\"ext-animate--on\">kdy je ur\u010dit\u00e1 deformita je\u0161t\u011b tolerovateln\u00e1 a kdy ji\u017e vede k poru\u0161e funkce,<\/li>\n\n\n\n<li class=\"ext-animate--on\">jak\u00fd v\u00fdznam m\u00e1 zm\u011bna postaven\u00ed kost\u00ed po zlomenin\u011b,<\/li>\n\n\n\n<li class=\"ext-animate--on\">kter\u00e9 vazivov\u00e9 struktury jsou kl\u00ed\u010dov\u00e9 pro stabilitu z\u00e1p\u011bst\u00ed,<\/li>\n\n\n\n<li class=\"ext-animate--on\">jak r\u016fzn\u00e9 typy osteosynt\u00e9zy nebo artrod\u00e9z ovliv\u0148uj\u00ed rozsah pohybu<\/li>\n\n\n\n<li class=\"ext-animate--on\">jak se osteosynt\u00e9za chov\u00e1 pod z\u00e1t\u011b\u017e\u00ed a jak\u00e1 je jej\u00ed mechanick\u00e1 odolnost.<\/li>\n<\/ul>\n\n\n\n<p class=\"ext-animate--on\">Typick\u00fdm p\u0159\u00edkladem je posttraumatick\u00e1 deformita dist\u00e1ln\u00edho radia. I zd\u00e1nliv\u011b mal\u00e1 zm\u011bna postaven\u00ed kloubn\u00ed plochy m\u016f\u017ee zm\u011bnit rozlo\u017een\u00ed sil v z\u00e1p\u011bst\u00ed, ovlivnit rozsah pohybu a v\u00e9st k bolestem nebo postupn\u00e9mu p\u0159et\u011b\u017eov\u00e1n\u00ed dal\u0161\u00edch struktur. Podobn\u011b u poran\u011bn\u00ed vaz\u016f z\u00e1p\u011bst\u00ed nemus\u00ed b\u00fdt rozhoduj\u00edc\u00ed pouze samotn\u00e1 p\u0159\u00edtomnost l\u00e9ze, ale p\u0159edev\u0161\u00edm jej\u00ed dopad na stabilitu a kinematiku karpu.<\/p>\n\n\n\n<p class=\"ext-animate--on\">Biomechanick\u00e9 porozum\u011bn\u00ed tak umo\u017e\u0148uje spojit anatomick\u00fd n\u00e1lez s re\u00e1lnou funkc\u00ed ruky a p\u0159ij\u00edmat chirurgick\u00e1 rozhodnut\u00ed na p\u0159esn\u011bj\u0161\u00edm a racion\u00e1ln\u011bj\u0161\u00edm z\u00e1klad\u011b.<\/p>\n\n\n\n<h2 class=\"wp-block-heading ext-animate--on has-large-font-size\">Jak\u00e9 ot\u00e1zky v\u00fdzkum biomechaniky ruky \u0159e\u0161\u00ed?<\/h2>\n\n\n\n<p class=\"ext-animate--on\">Biomechanick\u00fd v\u00fdzkum ruky a z\u00e1p\u011bst\u00ed se zam\u011b\u0159uje na t\u00e9mata s p\u0159\u00edm\u00fdm klinick\u00fdm p\u0159esahem. Pat\u0159\u00ed sem nap\u0159\u00edklad:<\/p>\n\n\n\n<ul class=\"wp-block-list ext-animate--on\">\n<li class=\"ext-animate--on\">biomechanick\u00e9 d\u016fsledky zlomenin a jejich hojen\u00ed,<\/li>\n\n\n\n<li class=\"ext-animate--on\">v\u00fdznam posttraumatick\u00fdch deformit dist\u00e1ln\u00edho radia,<\/li>\n\n\n\n<li class=\"ext-animate--on\">stabilita z\u00e1p\u011bst\u00ed p\u0159i poran\u011bn\u00ed vaz\u016f,<\/li>\n\n\n\n<li class=\"ext-animate--on\">mechanick\u00e9 souvislosti karp\u00e1ln\u00edch nestabilit,<\/li>\n\n\n\n<li class=\"ext-animate--on\">biomechanika artrod\u00e9z a jejich vliv na zat\u00ed\u017een\u00ed sousedn\u00edch kloub\u016f,<\/li>\n\n\n\n<li class=\"ext-animate--on\">vliv anatomick\u00fdch variac\u00ed na funkci a chirurgick\u00fd p\u0159\u00edstup,<\/li>\n\n\n\n<li class=\"ext-animate--on\">hodnocen\u00ed r\u016fzn\u00fdch typ\u016f osteosyntetick\u00fdch a rekonstruk\u010dn\u00edch \u0159e\u0161en\u00ed.<\/li>\n<\/ul>\n\n\n\n<p class=\"ext-animate--on\">D\u016fle\u017eit\u00fdm t\u00e9matem je pr\u00e1v\u011b i anatomick\u00e1 variabilita. Dv\u011b ruce nemusej\u00ed b\u00fdt z biomechanick\u00e9ho hlediska zcela stejn\u00e9, a stejn\u00fd n\u00e1lez proto nemus\u00ed m\u00edt u ka\u017ed\u00e9ho pacienta stejn\u00fd funk\u010dn\u00ed dopad. V\u00fdzkum t\u011bchto souvislost\u00ed m\u016f\u017ee pomoci l\u00e9pe pochopit, pro\u010d n\u011bkter\u00e9 patologie vedou k v\u00fdrazn\u00fdm obt\u00ed\u017e\u00edm, zat\u00edmco jin\u00e9 z\u016fst\u00e1vaj\u00ed dlouho klinicky nen\u00e1padn\u00e9.<\/p>\n\n\n\n<h2 class=\"wp-block-heading ext-animate--on has-large-font-size\">Jak\u00e9 prob\u00edh\u00e1 biomechanick\u00fd v\u00fdzkum v na\u0161\u00ed laborato\u0159i?<\/h2>\n\n\n\n<p class=\"ext-animate--on\">Biomechanick\u00fd v\u00fdzkum v na\u0161\u00ed laborato\u0159i propojuje anatomick\u00e9 pozn\u00e1n\u00ed s experiment\u00e1ln\u00edm testov\u00e1n\u00edm. Zahrnuje anal\u00fdzu prepar\u00e1t\u016f horn\u00ed kon\u010detiny, hodnocen\u00ed anatomick\u00fdch variant, modelaci pohybu, zkoum\u00e1n\u00ed stability po c\u00edlen\u00e9m poran\u011bn\u00ed konkr\u00e9tn\u00edch struktur i srovn\u00e1v\u00e1n\u00ed r\u016fzn\u00fdch typ\u016f fixace a rekonstrukce.<\/p>\n\n\n\n<p class=\"ext-animate--on\">D\u016fle\u017eitou sou\u010d\u00e1st\u00ed je v\u017edy vztah mezi anatomick\u00fdm n\u00e1lezem a jeho funk\u010dn\u00edm v\u00fdznamem. Laboratorn\u00ed prost\u0159ed\u00ed umo\u017e\u0148uje sledovat souvislosti, kter\u00e9 nelze v pln\u00e9 m\u00ed\u0159e hodnotit pouze p\u0159i b\u011b\u017en\u00e9m klinick\u00e9m vy\u0161et\u0159en\u00ed nebo z jednotliv\u00fdch zobrazovac\u00edch sn\u00edmk\u016f. Pr\u00e1v\u011b experiment\u00e1ln\u00ed p\u0159\u00edstup pom\u00e1h\u00e1 l\u00e9pe porozum\u011bt tomu, jak konkr\u00e9tn\u00ed zm\u011bna ovlivn\u00ed p\u0159enos zat\u00ed\u017een\u00ed, stabilitu nebo rozsah pohybu.<\/p>\n\n\n\n<h2 class=\"wp-block-heading ext-animate--on has-large-font-size\">Klinick\u00fd v\u00fdznam biomechaniky ruky<\/h2>\n\n\n\n<p class=\"ext-animate--on\">Biomechanick\u00e9 poznatky maj\u00ed praktick\u00fd v\u00fdznam v n\u011bkolika \u00farovn\u00edch. Pom\u00e1haj\u00ed l\u00e9pe porozum\u011bt mechanismu vzniku obt\u00ed\u017e\u00ed, p\u0159esn\u011bji interpretovat n\u00e1lezy a zvolit vhodn\u011bj\u0161\u00ed opera\u010dn\u00ed postup.<\/p>\n\n\n\n<p class=\"ext-animate--on\">Jejich p\u0159\u00ednos se uplat\u0148uje zejm\u00e9na v t\u011bchto oblastech:<\/p>\n\n\n\n<ul class=\"wp-block-list ext-animate--on\">\n<li class=\"ext-animate--on\">bezpe\u010dn\u011bj\u0161\u00ed pl\u00e1nov\u00e1n\u00ed v\u00fdkon\u016f,<\/li>\n\n\n\n<li class=\"ext-animate--on\">lep\u0161\u00ed odhad d\u016fsledk\u016f konkr\u00e9tn\u00ed deformity nebo instability,<\/li>\n\n\n\n<li class=\"ext-animate--on\">v\u00fdb\u011br vhodn\u011bj\u0161\u00ed techniky rekonstrukce \u010di fixace,<\/li>\n\n\n\n<li class=\"ext-animate--on\">p\u0159esn\u011bj\u0161\u00ed pochopen\u00ed limit\u016f jednotliv\u00fdch opera\u010dn\u00edch \u0159e\u0161en\u00ed,<\/li>\n\n\n\n<li class=\"ext-animate--on\">v\u00fdvoj nov\u00fdch diagnostick\u00fdch a terapeutick\u00fdch postup\u016f.<\/li>\n<\/ul>\n\n\n\n<p class=\"ext-animate--on\">Biomechanika ruky tak nep\u0159edstavuje pouze teoretickou discipl\u00ednu, ale n\u00e1stroj, kter\u00fd pom\u00e1h\u00e1 propojit anatomii, experiment\u00e1ln\u00ed pozn\u00e1n\u00ed a klinickou praxi. Jej\u00edm c\u00edlem nen\u00ed jen popsat pohyb a zat\u00ed\u017een\u00ed jednotliv\u00fdch struktur, ale p\u0159edev\u0161\u00edm l\u00e9pe porozum\u011bt funkci ruky a z\u00e1p\u011bst\u00ed v norm\u011b i p\u0159i patologii a vyu\u017e\u00edt toto pozn\u00e1n\u00ed pro p\u0159esn\u011bj\u0161\u00ed a promy\u0161len\u011bj\u0161\u00ed chirurgick\u00e9 rozhodov\u00e1n\u00ed.<\/p>","protected":false},"excerpt":{"rendered":"<p>Biomechanika ruky a z\u00e1p\u011bst\u00ed Biomechanika ruky a z\u00e1p\u011bst\u00ed p\u0159edstavuje z\u00e1klad pro pochopen\u00ed funkce horn\u00ed kon\u010detiny. Ruka a z\u00e1p\u011bst\u00ed p\u0159edstavuj\u00ed mimo\u0159\u00e1dn\u011b slo\u017eit\u00fd funk\u010dn\u00ed celek. Jejich spr\u00e1vn\u00e1 \u010dinnost z\u00e1vis\u00ed na p\u0159esn\u00e9 souh\u0159e tahu \u0161lach, p\u0159enosu sil prost\u0159ednictv\u00edm vazivov\u00fdch struktur i pohybu, kter\u00fd je ovlivn\u011bn tvarem kloubn\u00edch ploch a jejich vz\u00e1jemn\u00fdm postaven\u00edm. Biomechanika ruky a z\u00e1p\u011bst\u00ed zkoum\u00e1, jak [&hellip;]<\/p>\n","protected":false},"author":1,"featured_media":0,"parent":0,"menu_order":0,"comment_status":"closed","ping_status":"open","template":"","meta":{"om_disable_all_campaigns":false,"_monsterinsights_skip_tracking":false,"_monsterinsights_sitenote_active":false,"_monsterinsights_sitenote_note":"","_monsterinsights_sitenote_category":0,"_uf_show_specific_survey":0,"_uf_disable_surveys":false,"footnotes":""},"class_list":["post-245","page","type-page","status-publish","hentry"],"aioseo_notices":[],"_links":{"self":[{"href":"https:\/\/biomechanikaruky.cz\/en\/wp-json\/wp\/v2\/pages\/245","targetHints":{"allow":["GET"]}}],"collection":[{"href":"https:\/\/biomechanikaruky.cz\/en\/wp-json\/wp\/v2\/pages"}],"about":[{"href":"https:\/\/biomechanikaruky.cz\/en\/wp-json\/wp\/v2\/types\/page"}],"author":[{"embeddable":true,"href":"https:\/\/biomechanikaruky.cz\/en\/wp-json\/wp\/v2\/users\/1"}],"replies":[{"embeddable":true,"href":"https:\/\/biomechanikaruky.cz\/en\/wp-json\/wp\/v2\/comments?post=245"}],"version-history":[{"count":3,"href":"https:\/\/biomechanikaruky.cz\/en\/wp-json\/wp\/v2\/pages\/245\/revisions"}],"predecessor-version":[{"id":248,"href":"https:\/\/biomechanikaruky.cz\/en\/wp-json\/wp\/v2\/pages\/245\/revisions\/248"}],"wp:attachment":[{"href":"https:\/\/biomechanikaruky.cz\/en\/wp-json\/wp\/v2\/media?parent=245"}],"curies":[{"name":"wp","href":"https:\/\/api.w.org\/{rel}","templated":true}]}}