{"id":259,"date":"2026-03-29T13:46:31","date_gmt":"2026-03-29T11:46:31","guid":{"rendered":"https:\/\/biomechanikaruky.cz\/?page_id=259"},"modified":"2026-04-20T19:24:42","modified_gmt":"2026-04-20T17:24:42","slug":"mudr-vojtech-kunc-ph-d","status":"publish","type":"page","link":"https:\/\/biomechanikaruky.cz\/en\/mudr-vojtech-kunc-ph-d\/","title":{"rendered":"MUDr. Vojt\u011bch Kunc, Ph.D."},"content":{"rendered":"<h2 class=\"wp-block-heading has-text-align-center ext-animate--on\">MUDr. Vojt\u011bch Kunc, Ph.D.<\/h2>\n\n\n\n<h4 class=\"wp-block-heading has-text-align-center ext-animate--on\">The head of Hand Surgery Biomechanical Lab<\/h4>\n\n\n\n<p class=\"ext-animate--on\"><strong>MUDr. Vojt\u011bch Kunc, Ph.D. <\/strong>, is an orthopaedic surgeon and hand surgeon with a long-term focus on disorders of the upper extremity, particularly the hand and wrist. His professional profile connects clinical hand surgery, detailed anatomical analysis, and biomechanical research, with an emphasis on their practical impact on diagnosis and treatment.<br><br>In addition to operative and outpatient care, he is also engaged in experimental research aimed at translating anatomical and biomechanical insights into clinical practice and contributing to a better understanding of both the function and pathology of the upper extremity.<\/p>\n\n\n\n<p class=\"has-text-align-center ext-animate--on\"><a href=\"https:\/\/ortopedieruky.cz\/mudr-vojtech-kunc-ph-d\/\" title=\"Ortopedie ruky\">Ortopedie ruky<\/a> \u00b7 <a href=\"https:\/\/orcid.org\/0000-0002-3165-4977\" title=\"ORCID\">ORCID<\/a> \u00b7 <a href=\"https:\/\/www.researchgate.net\/profile\/Vojtech-Kunc?ev=hdr_xprf\" title=\"Researchgate\">Researchgate<\/a> \u00b7 <a href=\"https:\/\/scholar.google.com.hk\/citations?user=mrBp-38AAAAJ\" title=\"Google Scholar\">Google Scholar<\/a> \u00b7 <a href=\"https:\/\/www.lf2.cuni.cz\/profil\/vojtech-kunc\" title=\"2. LF UK\">2. LF UK<\/a><\/p>\n\n\n\n<p class=\"ext-animate--on\">His professional work focuses primarily on:<\/p>\n\n\n\n<ul class=\"wp-block-list ext-animate--on\">\n<li>biomechanics of the hand, wrist, and elbow<\/li>\n\n\n\n<li class=\"ext-animate--on\">anatomical variability and its clinical significance<\/li>\n\n\n\n<li class=\"ext-animate--on\">injuries and degenerative disorders of the upper extremity<\/li>\n\n\n\n<li class=\"ext-animate--on\">arthroscopic and reconstructive procedures of the hand and wrist<\/li>\n<\/ul>\n\n\n\n<p class=\"ext-animate--on\"><strong>Recent scientific publication<\/strong>:<\/p>\n\n\n\n<ul class=\"wp-block-list ext-animate--on\">\n<li class=\"ext-animate--on\"><a href=\"https:\/\/biomechanikaruky.cz\/en\/kunc-vojtech-artroskopie-osteotomie\/\" data-type=\"page\" data-id=\"168\">Distal radius intra-articular malunion corrected with arthroscopy assisted open osteotomy: A case report.<\/a> <\/li>\n\n\n\n<li class=\"ext-animate--on\"><a data-type=\"page\" data-id=\"163\" href=\"https:\/\/biomechanikaruky.cz\/en\/kunc-vojtech-bipartite-trapezium\/\">Bipartite trapezium \u2013 rare congenital accessory bone: A case report of two bilateral cases among related patients and description of new accessory bone \u2013 os scaphocapitatum anterius<\/a><\/li>\n\n\n\n<li class=\"ext-animate--on\"><a href=\"https:\/\/biomechanikaruky.cz\/en\/kunc-vojtech-volar-approaches-to-the-distal-radius\/\" title=\"Kunc Vojtech, Volar approaches to the distal radius\">P\u0159\u00edstupy k dist\u00e1ln\u00ed \u010d\u00e1sti kosti v\u0159etenn\u00ed<\/a><\/li>\n<\/ul>\n\n\n\n<p class=\"ext-animate--on\"><strong>Odborn\u00e9 pr\u00e1ce:<\/strong><\/p>\n\n\n\n<ul class=\"wp-block-list ext-animate--on\">\n<li class=\"ext-animate--on\"><a href=\"https:\/\/www.aofoundation.org\/trauma\/about-aotrauma\/blog\/metacarpal-fractures-malunion-stiffness\">What I wish I had known earlier about metacarpal fractures: the never-ending fight between malunion and stiffness<\/a><\/li>\n<\/ul>","protected":false},"excerpt":{"rendered":"<p>MUDr. Vojt\u011bch Kunc, Ph.D. Vedouc\u00ed Biomechanick\u00e9 laborato\u0159e chirurgie ruky MUDr. Vojt\u011bch Kunc, Ph.D. je ortoped a chirurg ruky, kter\u00fd se dlouhodob\u011b v\u011bnuje problematice horn\u00ed kon\u010detiny, zejm\u00e9na ruky a z\u00e1p\u011bst\u00ed. Jeho odborn\u00fd profil propojuje klinickou chirurgii ruky, detailn\u00ed anatomickou anal\u00fdzu a biomechanick\u00fd v\u00fdzkum se zam\u011b\u0159en\u00edm na jejich praktick\u00fd dopad v diagnostice a l\u00e9\u010db\u011b. Vedle opera\u010dn\u00ed a [&hellip;]<\/p>\n","protected":false},"author":1,"featured_media":0,"parent":0,"menu_order":0,"comment_status":"closed","ping_status":"open","template":"","meta":{"om_disable_all_campaigns":false,"_monsterinsights_skip_tracking":false,"_monsterinsights_sitenote_active":false,"_monsterinsights_sitenote_note":"","_monsterinsights_sitenote_category":0,"_uf_show_specific_survey":0,"_uf_disable_surveys":false,"footnotes":""},"class_list":["post-259","page","type-page","status-publish","hentry"],"aioseo_notices":[],"_links":{"self":[{"href":"https:\/\/biomechanikaruky.cz\/en\/wp-json\/wp\/v2\/pages\/259","targetHints":{"allow":["GET"]}}],"collection":[{"href":"https:\/\/biomechanikaruky.cz\/en\/wp-json\/wp\/v2\/pages"}],"about":[{"href":"https:\/\/biomechanikaruky.cz\/en\/wp-json\/wp\/v2\/types\/page"}],"author":[{"embeddable":true,"href":"https:\/\/biomechanikaruky.cz\/en\/wp-json\/wp\/v2\/users\/1"}],"replies":[{"embeddable":true,"href":"https:\/\/biomechanikaruky.cz\/en\/wp-json\/wp\/v2\/comments?post=259"}],"version-history":[{"count":3,"href":"https:\/\/biomechanikaruky.cz\/en\/wp-json\/wp\/v2\/pages\/259\/revisions"}],"predecessor-version":[{"id":299,"href":"https:\/\/biomechanikaruky.cz\/en\/wp-json\/wp\/v2\/pages\/259\/revisions\/299"}],"wp:attachment":[{"href":"https:\/\/biomechanikaruky.cz\/en\/wp-json\/wp\/v2\/media?parent=259"}],"curies":[{"name":"wp","href":"https:\/\/api.w.org\/{rel}","templated":true}]}}