{"id":265,"date":"2026-04-05T13:13:46","date_gmt":"2026-04-05T11:13:46","guid":{"rendered":"https:\/\/biomechanikaruky.cz\/?page_id=265"},"modified":"2026-04-05T13:13:48","modified_gmt":"2026-04-05T11:13:48","slug":"metacalamity-classification","status":"publish","type":"page","link":"https:\/\/biomechanikaruky.cz\/en\/metacalamity-classification\/","title":{"rendered":"Metacalamity classification"},"content":{"rendered":"<h4 class=\"wp-block-heading ext-animate--on\"><strong>Kunc V<\/strong>., Adamcov\u00e1 V. &#8211; Metacalamity classification<\/h4>\n\n\n\n<div class=\"wp-block-columns ext-animate--on is-layout-flex wp-container-core-columns-is-layout-28f84493 wp-block-columns-is-layout-flex\">\n<div class=\"wp-block-column is-layout-flow wp-block-column-is-layout-flow\">\n<p class=\"ext-animate--on\">Zlomeniny b\u00e1ze prvn\u00edho metakarpu pat\u0159\u00ed mezi \u010dast\u00e1 poran\u011bn\u00ed v chirurgii ruky a traumatologii. V b\u011b\u017en\u00e9 praxi se pro jejich popis st\u00e1le pou\u017e\u00edvaj\u00ed hlavn\u011b historick\u00e9 n\u00e1zvy jako <strong>Bennettova zlomenina<\/strong>, <strong>Rolandova zlomenina<\/strong> nebo <strong>Wintersteinova zlomenina<\/strong>. Tyto eponymn\u00ed n\u00e1zvy jsou sice dob\u0159e zn\u00e1m\u00e9, ale nevytv\u00e1\u0159ej\u00ed jednotn\u00fd, p\u0159ehledn\u00fd a snadno zapamatovateln\u00fd syst\u00e9m.<\/p>\n\n\n\n<p class=\"ext-animate--on\">Pr\u00e1v\u011b proto jsme popsali <strong>Metacalamity <\/strong>klasifikaci s c\u00edlem zachovat tradi\u010dn\u00ed pojmy a z\u00e1rove\u0148 je za\u0159adit do logick\u00e9ho syst\u00e9mu podle <strong>charakteru zlomeniny<\/strong> a <strong>z\u00e1va\u017enosti poran\u011bn\u00ed<\/strong>.<\/p>\n\n\n\n<p class=\"ext-animate--on\"><strong>ODKAZY:<\/strong><\/p>\n<\/div>\n\n\n\n<div class=\"wp-block-column is-layout-flow wp-block-column-is-layout-flow\">\n<figure class=\"wp-block-image size-full ext-animate--on\"><img loading=\"lazy\" decoding=\"async\" width=\"807\" height=\"1085\" src=\"https:\/\/biomechanikaruky.cz\/wp-content\/uploads\/2026\/04\/Metacalamity-class1.jpg\" alt=\"Metacalamity classification for first metacarpal base fractures\" class=\"wp-image-266\" srcset=\"https:\/\/biomechanikaruky.cz\/wp-content\/uploads\/2026\/04\/Metacalamity-class1.jpg 807w, https:\/\/biomechanikaruky.cz\/wp-content\/uploads\/2026\/04\/Metacalamity-class1-223x300.jpg 223w, https:\/\/biomechanikaruky.cz\/wp-content\/uploads\/2026\/04\/Metacalamity-class1-762x1024.jpg 762w, https:\/\/biomechanikaruky.cz\/wp-content\/uploads\/2026\/04\/Metacalamity-class1-768x1033.jpg 768w\" sizes=\"auto, (max-width: 807px) 100vw, 807px\" \/><figcaption class=\"wp-element-caption\">Metacalamity classification<\/figcaption><\/figure>\n<\/div>\n<\/div>\n\n\n\n<ul class=\"wp-block-list ext-animate--on\">\n<li class=\"ext-animate--on\"><a href=\"https:\/\/www.researchgate.net\/publication\/403131979_Metacalamity_classification_for_first_metacarpal_base_fracture\/stats\" title=\"Researchgate\">Researchgate<\/a>  <\/li>\n\n\n\n<li class=\"ext-animate--on\"><a href=\"https:\/\/en.wikipedia.org\/wiki\/Metacalamity_classification\" title=\"Wikipedia\">Wikipedia<\/a><\/li>\n<\/ul>","protected":false},"excerpt":{"rendered":"<p>Kunc V., Adamcov\u00e1 V. &#8211; Metacalamity classification Zlomeniny b\u00e1ze prvn\u00edho metakarpu pat\u0159\u00ed mezi \u010dast\u00e1 poran\u011bn\u00ed v chirurgii ruky a traumatologii. V b\u011b\u017en\u00e9 praxi se pro jejich popis st\u00e1le pou\u017e\u00edvaj\u00ed hlavn\u011b historick\u00e9 n\u00e1zvy jako Bennettova zlomenina, Rolandova zlomenina nebo Wintersteinova zlomenina. Tyto eponymn\u00ed n\u00e1zvy jsou sice dob\u0159e zn\u00e1m\u00e9, ale nevytv\u00e1\u0159ej\u00ed jednotn\u00fd, p\u0159ehledn\u00fd a snadno zapamatovateln\u00fd syst\u00e9m. [&hellip;]<\/p>\n","protected":false},"author":1,"featured_media":0,"parent":0,"menu_order":0,"comment_status":"closed","ping_status":"open","template":"","meta":{"om_disable_all_campaigns":false,"_monsterinsights_skip_tracking":false,"_monsterinsights_sitenote_active":false,"_monsterinsights_sitenote_note":"","_monsterinsights_sitenote_category":0,"_uf_show_specific_survey":0,"_uf_disable_surveys":false,"footnotes":""},"class_list":["post-265","page","type-page","status-publish","hentry"],"aioseo_notices":[],"_links":{"self":[{"href":"https:\/\/biomechanikaruky.cz\/en\/wp-json\/wp\/v2\/pages\/265","targetHints":{"allow":["GET"]}}],"collection":[{"href":"https:\/\/biomechanikaruky.cz\/en\/wp-json\/wp\/v2\/pages"}],"about":[{"href":"https:\/\/biomechanikaruky.cz\/en\/wp-json\/wp\/v2\/types\/page"}],"author":[{"embeddable":true,"href":"https:\/\/biomechanikaruky.cz\/en\/wp-json\/wp\/v2\/users\/1"}],"replies":[{"embeddable":true,"href":"https:\/\/biomechanikaruky.cz\/en\/wp-json\/wp\/v2\/comments?post=265"}],"version-history":[{"count":2,"href":"https:\/\/biomechanikaruky.cz\/en\/wp-json\/wp\/v2\/pages\/265\/revisions"}],"predecessor-version":[{"id":268,"href":"https:\/\/biomechanikaruky.cz\/en\/wp-json\/wp\/v2\/pages\/265\/revisions\/268"}],"wp:attachment":[{"href":"https:\/\/biomechanikaruky.cz\/en\/wp-json\/wp\/v2\/media?parent=265"}],"curies":[{"name":"wp","href":"https:\/\/api.w.org\/{rel}","templated":true}]}}