{"id":79,"date":"2026-03-15T19:31:21","date_gmt":"2026-03-15T18:31:21","guid":{"rendered":"https:\/\/biomechanikaruky.cz\/?page_id=79"},"modified":"2026-04-05T13:14:10","modified_gmt":"2026-04-05T11:14:10","slug":"vedecke-prace-biomechanicke-laboratore-chirurgie-ruky","status":"publish","type":"page","link":"https:\/\/biomechanikaruky.cz\/en\/vedecke-prace-biomechanicke-laboratore-chirurgie-ruky\/","title":{"rendered":"V\u011bdeck\u00e9 pr\u00e1ce Biomechanick\u00e9 laborato\u0159e chirurgie ruky"},"content":{"rendered":"<h2 class=\"wp-block-heading ext-animate--on\">Our scientific papers:<\/h2>\n\n\n\n<h4 class=\"wp-block-heading ext-animate--on\">2026<\/h4>\n\n\n\n<ul class=\"wp-block-list ext-animate--on\">\n<li class=\"ext-animate--on\"><a href=\"https:\/\/biomechanikaruky.cz\/en\/metacalamity-classification\/\" title=\"Metacalamity classification\">Kunc V., Adamcov\u00e1 V., Metacalamity classification for first metacarpal base fracture. Minerva Orthopaedics 2026, 76(6).<\/a><\/li>\n\n\n\n<li>Bene\u0161 M., Kachl\u00edk D., Gonzalez MR, Kroupa M, Kunc V. Bare Area of the Proximal Radius and its Relevance for Safe Repair of the Distal Tendon of the Biceps Brachii Muscle. Orthop J Sports Med 2026<\/li>\n\n\n\n<li class=\"ext-animate--on\"><a href=\"https:\/\/www.aofoundation.org\/trauma\/about-aotrauma\/blog\/metacarpal-fractures-malunion-stiffness\" title=\"Kunc V., What I wish I had known earlier about metacarpal fractures: the never-ending fight between malunion and stiffness.\">Kunc V., What I wish I had known earlier about metacarpal fractures: the never-ending fight between malunion and stiffness.<\/a> AO Trauma blog<\/li>\n<\/ul>\n\n\n\n<h4 class=\"wp-block-heading ext-animate--on\">2025<\/h4>\n\n\n\n<ul class=\"wp-block-list ext-animate--on\">\n<li><a href=\"https:\/\/biomechanikaruky.cz\/en\/kunc-vojtech-volar-approaches-to-the-distal-radius\/\" data-type=\"page\" data-id=\"72\">Kunc V. Volar approaches to the distal radius.<\/a> Rozh Chir 2025<\/li>\n\n\n\n<li class=\"ext-animate--on\"><a href=\"https:\/\/biomechanikaruky.cz\/en\/kunc-vojtech-artroskopie-osteotomie\/\" data-type=\"page\" data-id=\"168\">Kunc V., Mi\u0161i\u010dko R., Veigl D. Distal radius intra-articular malunion corrected with arthroscopy assisted open osteotomy: A case report.<\/a> Acta Chir Orthop Traumatol Cech 2025<\/li>\n\n\n\n<li class=\"ext-animate--on\"><a href=\"https:\/\/biomechanikaruky.cz\/en\/kunc-vojtech-bipartite-trapezium\/\" data-type=\"page\" data-id=\"163\">Kunc V., Veigl D., Dr\u00e1\u010d P. Bipartite trapezium \u2013 rare congenital accessory bone: A case report of two bilateral cases among related patients and description of new accessory bone \u2013 os scaphocapitatum anterius. <\/a>BMC Muskuloskeletal Disorders 2025<\/li>\n\n\n\n<li class=\"ext-animate--on\">Bene\u0161 M., Humhej I., Z\u00edtek H., Kachl\u00edk D., Kunc V. Compressive and traumatic neuropathies of the deep branch of the radial nerve: A retrospective analysis of surgically treated cases. Cesk Slov Neurol Neurochir 2025<\/li>\n\n\n\n<li class=\"ext-animate--on\">Kunc V., Mi\u0161i\u010dko R. Acromioclavicular joint separation accompanied by coracoid fracture in adolescent. Malaysian Orthopedic Journal 2025<\/li>\n\n\n\n<li class=\"ext-animate--on\">Khadanovich A., Kamlerov\u00e1 J., Havl\u00edkov\u00e1 \u0160., Bene\u0161 M., Ful\u00edn P., Kachl\u00edk D., Kunc V. Canals and grooves for the supraclavicular nerves revisited: Anatomical and radiological study outlining their topography for clinical practice. Ann Annat 2025<\/li>\n<\/ul>","protected":false},"excerpt":{"rendered":"<p>Na\u0161e v\u011bdeck\u00e9 pr\u00e1ce 2026 2025<\/p>","protected":false},"author":1,"featured_media":0,"parent":0,"menu_order":0,"comment_status":"closed","ping_status":"open","template":"","meta":{"om_disable_all_campaigns":false,"_monsterinsights_skip_tracking":false,"_monsterinsights_sitenote_active":false,"_monsterinsights_sitenote_note":"","_monsterinsights_sitenote_category":0,"_uf_show_specific_survey":0,"_uf_disable_surveys":false,"footnotes":""},"class_list":["post-79","page","type-page","status-publish","hentry"],"aioseo_notices":[],"_links":{"self":[{"href":"https:\/\/biomechanikaruky.cz\/en\/wp-json\/wp\/v2\/pages\/79","targetHints":{"allow":["GET"]}}],"collection":[{"href":"https:\/\/biomechanikaruky.cz\/en\/wp-json\/wp\/v2\/pages"}],"about":[{"href":"https:\/\/biomechanikaruky.cz\/en\/wp-json\/wp\/v2\/types\/page"}],"author":[{"embeddable":true,"href":"https:\/\/biomechanikaruky.cz\/en\/wp-json\/wp\/v2\/users\/1"}],"replies":[{"embeddable":true,"href":"https:\/\/biomechanikaruky.cz\/en\/wp-json\/wp\/v2\/comments?post=79"}],"version-history":[{"count":7,"href":"https:\/\/biomechanikaruky.cz\/en\/wp-json\/wp\/v2\/pages\/79\/revisions"}],"predecessor-version":[{"id":269,"href":"https:\/\/biomechanikaruky.cz\/en\/wp-json\/wp\/v2\/pages\/79\/revisions\/269"}],"wp:attachment":[{"href":"https:\/\/biomechanikaruky.cz\/en\/wp-json\/wp\/v2\/media?parent=79"}],"curies":[{"name":"wp","href":"https:\/\/api.w.org\/{rel}","templated":true}]}}